{"id":90,"date":"2025-06-02T15:50:58","date_gmt":"2025-06-02T15:50:58","guid":{"rendered":"https:\/\/avanza360sa.cl\/?page_id=90"},"modified":"2025-07-29T17:06:17","modified_gmt":"2025-07-29T17:06:17","slug":"contacto","status":"publish","type":"page","link":"https:\/\/avanza360sa.cl\/index.php\/contacto\/","title":{"rendered":"Contacto"},"content":{"rendered":"<p>[et_pb_section fb_built=\u00bb1&#8243; admin_label=\u00bbHeader &#038; Contact Form\u00bb _builder_version=\u00bb4.20.0&#8243; _module_preset=\u00bbdefault\u00bb background_color=\u00bbgcid-1b4a3854-7b44-49f6-922e-e1ac36476373&#8243; collapsed=\u00bbon\u00bb global_colors_info=\u00bb{%22gcid-1b4a3854-7b44-49f6-922e-e1ac36476373%22:%91%22background_color%22%93}\u00bb][et_pb_row _builder_version=\u00bb4.27.4&#8243; _module_preset=\u00bbdefault\u00bb max_width=\u00bb700px\u00bb animation_style=\u00bbslide\u00bb animation_direction=\u00bbbottom\u00bb animation_intensity_slide=\u00bb20%\u00bb locked=\u00bboff\u00bb global_colors_info=\u00bb{}\u00bb][et_pb_column type=\u00bb4_4&#8243; _builder_version=\u00bb4.20.0&#8243; _module_preset=\u00bbdefault\u00bb global_colors_info=\u00bb{}\u00bb][et_pb_text _builder_version=\u00bb4.27.4&#8243; _module_preset=\u00bb6dd3f324-6a45-4966-8958-40d0b2f8cd29&#8243; header_2_text_color=\u00bb#FFFFFF\u00bb text_orientation=\u00bbcenter\u00bb global_colors_info=\u00bb{}\u00bb]<\/p>\n<h2>\u00bfTienes preguntas o quieres m\u00e1s informaci\u00f3n?<\/h2>\n<p>[\/et_pb_text][et_pb_text _builder_version=\u00bb4.27.4&#8243; _module_preset=\u00bbdcfd50d8-77fe-4f79-8f8d-2e1249da7549&#8243; header_4_text_color=\u00bb#FFFFFF\u00bb header_4_letter_spacing=\u00bb0.2em\u00bb text_orientation=\u00bbcenter\u00bb custom_margin=\u00bb||||false|false\u00bb global_colors_info=\u00bb{}\u00bb]<\/p>\n<h4>Cont\u00e1ctanos y un especialista de Avanza360 te ayudar\u00e1<\/h4>\n<p>[\/et_pb_text][tfs_fluent_forms_styler form_id=\u00bb3&#8243; form_input_bgcolor=\u00bbgcid-1b4a3854-7b44-49f6-922e-e1ac36476373&#8243; form_required_color=\u00bbgcid-095f3017-670a-4d45-bbf8-520034f23a92&#8243; form_valid_bgcolor=\u00bbRGBA(255,255,255,0)\u00bb _builder_version=\u00bb4.27.4&#8243; _module_preset=\u00bbdefault\u00bb input_label_font=\u00bbSpace Grotesk|||on|||||\u00bb input_label_text_color=\u00bb#FFFFFF\u00bb input_field_text_color=\u00bbrgba(255,255,255,0.39)\u00bb error_text_color=\u00bbgcid-095f3017-670a-4d45-bbf8-520034f23a92&#8243; success_font=\u00bbSpace Grotesk||||||||\u00bb success_text_align=\u00bbcenter\u00bb success_text_color=\u00bb#FFFFFF\u00bb success_font_size=\u00bb14px\u00bb custom_submit_button=\u00bbon\u00bb submit_button_text_color=\u00bbgcid-1b4a3854-7b44-49f6-922e-e1ac36476373&#8243; submit_button_bg_color=\u00bbgcid-095f3017-670a-4d45-bbf8-520034f23a92&#8243; submit_button_border_width=\u00bb0px\u00bb submit_button_border_radius=\u00bb30px\u00bb submit_button_font=\u00bbSpace Grotesk||||||||\u00bb submit_button_custom_padding=\u00bb10px|30px|10px|30px|true|true\u00bb border_width_all_success=\u00bb1px\u00bb border_color_all_success=\u00bb#FFFFFF\u00bb global_colors_info=\u00bb{%22gcid-095f3017-670a-4d45-bbf8-520034f23a92%22:%91%22form_required_color%22,%22submit_button_bg_color%22,%22error_text_color%22%93,%22gcid-1b4a3854-7b44-49f6-922e-e1ac36476373%22:%91%22form_input_bgcolor%22,%22submit_button_text_color%22%93}\u00bb submit_button_bg_color__hover_enabled=\u00bbon|hover\u00bb submit_button_bg_color__hover=\u00bb#21a7f9&#8243;][\/tfs_fluent_forms_styler][\/et_pb_column][\/et_pb_row][\/et_pb_section]<\/p>\n","protected":false},"excerpt":{"rendered":"<p>\u00bfTienes preguntas o quieres m\u00e1s informaci\u00f3n?Cont\u00e1ctanos y un especialista de Avanza360 te ayudar\u00e1<div class=\"et_pb_with_border et_pb_module tfs_fluent_forms_styler tfs_fluent_forms_styler_0\">\n\t\t\t\t\n\t\t\t\t\n\t\t\t\t\n\t\t\t\t\n\t\t\t\t\n\t\t\t\t\n\t\t\t\t<div class=\"et_pb_module_inner\">\n\t\t\t\t\t<div class=\"tfs-ff-styler\"><div class='fluentform ff-default fluentform_wrapper_3 ffs_default_wrap'><form data-form_id=\"3\" id=\"fluentform_3\" class=\"frm-fluent-form fluent_form_3 ff-el-form-top ff_form_instance_3_1 ff-form-loading ffs_default\" data-form_instance=\"ff_form_instance_3_1\" method=\"POST\" ><fieldset  style=\"border: none!important;margin: 0!important;padding: 0!important;background-color: transparent!important;box-shadow: none!important;outline: none!important; min-inline-size: 100%;\">\n                    <legend class=\"ff_screen_reader_title\" style=\"display: block; margin: 0!important;padding: 0!important;height: 0!important;text-indent: -999999px;width: 0!important;overflow:hidden;\">Contacto principal<\/legend><input type='hidden' name='__fluent_form_embded_post_id' value='' \/><input type=\"hidden\" id=\"_fluentform_3_fluentformnonce\" name=\"_fluentform_3_fluentformnonce\" value=\"d173244f49\" \/><input type=\"hidden\" name=\"_wp_http_referer\" value=\"\/index.php\/wp-json\/wp\/v2\/pages\/90\" \/><div data-type=\"name-element\" data-name=\"names\" class=\" ff-field_container ff-name-field-wrapper\" ><div class='ff-t-container'><div class='ff-t-cell '><div class='ff-el-group'><div class=\"ff-el-input--label ff-el-is-required asterisk-right\"><label for='ff_3_names_first_name_' >Nombre<\/label><\/div><div class='ff-el-input--content'><input type=\"text\" name=\"names[first_name]\" id=\"ff_3_names_first_name_\" class=\"ff-el-form-control\" placeholder=\"Nombre\" aria-invalid=\"false\" aria-required=true><\/div><\/div><\/div><div class='ff-t-cell '><div class='ff-el-group'><div class=\"ff-el-input--label ff-el-is-required asterisk-right\"><label for='ff_3_names_last_name_' >Apellido<\/label><\/div><div class='ff-el-input--content'><input type=\"text\" name=\"names[last_name]\" id=\"ff_3_names_last_name_\" class=\"ff-el-form-control\" placeholder=\"Apellido\" aria-invalid=\"false\" aria-required=true><\/div><\/div><\/div><\/div><\/div><div class='ff-el-group'><div class=\"ff-el-input--label ff-el-is-required asterisk-right\"><label for='ff_3_email' aria-label=\"Email\">Email<\/label><\/div><div class='ff-el-input--content'><input type=\"email\" name=\"email\" id=\"ff_3_email\" class=\"ff-el-form-control\" placeholder=\"Email \" data-name=\"email\"  aria-invalid=\"false\" aria-required=true><\/div><\/div><div class='ff-el-group'><div class=\"ff-el-input--label ff-el-is-required asterisk-right\"><label for='ff_3_subject' aria-label=\"Asunto\">Asunto<\/label><\/div><div class='ff-el-input--content'><input type=\"text\" name=\"subject\" class=\"ff-el-form-control\" placeholder=\"Asunto\" data-name=\"subject\" id=\"ff_3_subject\"  aria-invalid=\"false\" aria-required=true><\/div><\/div><div class='ff-el-group'><div class=\"ff-el-input--label ff-el-is-required asterisk-right\"><label for='ff_3_dropdown' aria-label=\"Actividad\">Actividad<\/label><\/div><div class='ff-el-input--content'><select name=\"dropdown\" id=\"ff_3_dropdown\" class=\"ff-el-form-control\" data-name=\"dropdown\" data-calc_value=\"0\"  aria-invalid=\"false\" aria-required=true><option value=\"\">seleccionar 1<\/option><option value=\"Quiero vender mi auto\"  >Quiero vender mi auto<\/option><option value=\"Soy Notar\u00eda \"  >Soy Notar\u00eda<\/option><option value=\"Soy Concesionaria \"  >Soy Concesionaria<\/option><\/select><\/div><\/div><div class='ff-el-group'><div class=\"ff-el-input--label ff-el-is-required asterisk-right\"><label for='ff_3_message' aria-label=\"Mensaje\">Mensaje <\/label><\/div><div class='ff-el-input--content'><textarea aria-invalid=\"false\" aria-required=true name=\"message\" id=\"ff_3_message\" class=\"ff-el-form-control\" placeholder=\"Tu mensaje \" rows=\"4\" cols=\"2\" data-name=\"message\" ><\/textarea><\/div><\/div><div class='ff-el-group ff-text-right ff_submit_btn_wrapper'><button type=\"submit\" class=\"ff-btn ff-btn-submit ff-btn-md ff_btn_style\" >Enviar<\/button><\/div><\/fieldset><\/form><div id='fluentform_3_errors' class='ff-errors-in-stack ff_form_instance_3_1 ff-form-loading_errors ff_form_instance_3_1_errors'><\/div><\/div>        <script type=\"text\/javascript\">\n            window.fluent_form_ff_form_instance_3_1 = {\"id\":\"3\",\"settings\":{\"layout\":{\"labelPlacement\":\"top\",\"asteriskPlacement\":\"asterisk-right\",\"helpMessagePlacement\":\"with_label\",\"errorMessagePlacement\":\"inline\",\"cssClassName\":\"\"},\"restrictions\":{\"denyEmptySubmission\":{\"enabled\":false}}},\"form_instance\":\"ff_form_instance_3_1\",\"form_id_selector\":\"fluentform_3\",\"rules\":{\"names[first_name]\":{\"required\":{\"value\":true,\"message\":\"Este campo es obligatorio\",\"global\":true,\"global_message\":\"Este campo es obligatorio\"}},\"names[middle_name]\":{\"required\":{\"value\":false,\"message\":\"Este campo es obligatorio\",\"global\":true,\"global_message\":\"Este campo es obligatorio\"}},\"names[last_name]\":{\"required\":{\"value\":true,\"message\":\"Este campo es obligatorio\",\"global\":true,\"global_message\":\"Este campo es obligatorio\"}},\"email\":{\"required\":{\"value\":true,\"message\":\"Este campo es obligatorio\",\"global\":true,\"global_message\":\"Este campo es obligatorio\"},\"email\":{\"value\":true,\"message\":\"Este campo debe contener un correo electr\\u00f3nico v\\u00e1lido\",\"global\":true,\"global_message\":\"Este campo debe contener un correo electr\\u00f3nico v\\u00e1lido\"}},\"subject\":{\"required\":{\"value\":true,\"message\":\"Este campo es obligatorio\",\"global\":true,\"global_message\":\"Este campo es obligatorio\"}},\"dropdown\":{\"required\":{\"value\":true,\"message\":\"Este campo es obligatorio\",\"global_message\":\"Este campo es obligatorio\",\"global\":true}},\"message\":{\"required\":{\"value\":true,\"message\":\"Este campo es obligatorio\",\"global\":true,\"global_message\":\"Este campo es obligatorio\"}}},\"debounce_time\":300};\n                    <\/script>\n        <\/div>\n\t\t\t\t<\/div>\n\t\t\t<\/div><\/p>\n","protected":false},"author":2,"featured_media":0,"parent":0,"menu_order":0,"comment_status":"closed","ping_status":"closed","template":"","meta":{"_et_pb_use_builder":"on","_et_pb_old_content":"","_et_gb_content_width":"","footnotes":""},"class_list":["post-90","page","type-page","status-publish","hentry"],"yoast_head":"<!-- This site is optimized with the Yoast SEO plugin v25.5 - https:\/\/yoast.com\/wordpress\/plugins\/seo\/ -->\n<title>Contacto - Avanza360<\/title>\n<meta name=\"robots\" content=\"index, follow, max-snippet:-1, max-image-preview:large, max-video-preview:-1\" \/>\n<link rel=\"canonical\" href=\"https:\/\/avanza360sa.cl\/index.php\/contacto\/\" \/>\n<meta property=\"og:locale\" content=\"es_ES\" \/>\n<meta property=\"og:type\" content=\"article\" \/>\n<meta property=\"og:title\" content=\"Contacto - Avanza360\" \/>\n<meta property=\"og:description\" content=\"\u00bfTienes preguntas o quieres m\u00e1s informaci\u00f3n?Cont\u00e1ctanos y un especialista de Avanza360 te ayudar\u00e1\" \/>\n<meta property=\"og:url\" content=\"https:\/\/avanza360sa.cl\/index.php\/contacto\/\" \/>\n<meta property=\"og:site_name\" content=\"Avanza360\" \/>\n<meta property=\"article:modified_time\" content=\"2025-07-29T17:06:17+00:00\" \/>\n<meta name=\"twitter:card\" content=\"summary_large_image\" \/>\n<meta name=\"twitter:label1\" content=\"Tiempo de lectura\" \/>\n\t<meta name=\"twitter:data1\" content=\"1 minuto\" \/>\n<script type=\"application\/ld+json\" class=\"yoast-schema-graph\">{\"@context\":\"https:\/\/schema.org\",\"@graph\":[{\"@type\":\"WebPage\",\"@id\":\"https:\/\/avanza360sa.cl\/index.php\/contacto\/\",\"url\":\"https:\/\/avanza360sa.cl\/index.php\/contacto\/\",\"name\":\"Contacto - Avanza360\",\"isPartOf\":{\"@id\":\"https:\/\/avanza360sa.cl\/#website\"},\"datePublished\":\"2025-06-02T15:50:58+00:00\",\"dateModified\":\"2025-07-29T17:06:17+00:00\",\"breadcrumb\":{\"@id\":\"https:\/\/avanza360sa.cl\/index.php\/contacto\/#breadcrumb\"},\"inLanguage\":\"es\",\"potentialAction\":[{\"@type\":\"ReadAction\",\"target\":[\"https:\/\/avanza360sa.cl\/index.php\/contacto\/\"]}]},{\"@type\":\"BreadcrumbList\",\"@id\":\"https:\/\/avanza360sa.cl\/index.php\/contacto\/#breadcrumb\",\"itemListElement\":[{\"@type\":\"ListItem\",\"position\":1,\"name\":\"Portada\",\"item\":\"https:\/\/avanza360sa.cl\/\"},{\"@type\":\"ListItem\",\"position\":2,\"name\":\"Contacto\"}]},{\"@type\":\"WebSite\",\"@id\":\"https:\/\/avanza360sa.cl\/#website\",\"url\":\"https:\/\/avanza360sa.cl\/\",\"name\":\"Avanza360\",\"description\":\"\",\"publisher\":{\"@id\":\"https:\/\/avanza360sa.cl\/#organization\"},\"potentialAction\":[{\"@type\":\"SearchAction\",\"target\":{\"@type\":\"EntryPoint\",\"urlTemplate\":\"https:\/\/avanza360sa.cl\/?s={search_term_string}\"},\"query-input\":{\"@type\":\"PropertyValueSpecification\",\"valueRequired\":true,\"valueName\":\"search_term_string\"}}],\"inLanguage\":\"es\"},{\"@type\":\"Organization\",\"@id\":\"https:\/\/avanza360sa.cl\/#organization\",\"name\":\"Avanza360\",\"url\":\"https:\/\/avanza360sa.cl\/\",\"logo\":{\"@type\":\"ImageObject\",\"inLanguage\":\"es\",\"@id\":\"https:\/\/avanza360sa.cl\/#\/schema\/logo\/image\/\",\"url\":\"https:\/\/avanza360sa.cl\/wp-content\/uploads\/2025\/06\/Recurso-3.png\",\"contentUrl\":\"https:\/\/avanza360sa.cl\/wp-content\/uploads\/2025\/06\/Recurso-3.png\",\"width\":1378,\"height\":276,\"caption\":\"Avanza360\"},\"image\":{\"@id\":\"https:\/\/avanza360sa.cl\/#\/schema\/logo\/image\/\"}}]}<\/script>\n<!-- \/ Yoast SEO plugin. -->","yoast_head_json":{"title":"Contacto - Avanza360","robots":{"index":"index","follow":"follow","max-snippet":"max-snippet:-1","max-image-preview":"max-image-preview:large","max-video-preview":"max-video-preview:-1"},"canonical":"https:\/\/avanza360sa.cl\/index.php\/contacto\/","og_locale":"es_ES","og_type":"article","og_title":"Contacto - Avanza360","og_description":"\u00bfTienes preguntas o quieres m\u00e1s informaci\u00f3n?Cont\u00e1ctanos y un especialista de Avanza360 te ayudar\u00e1","og_url":"https:\/\/avanza360sa.cl\/index.php\/contacto\/","og_site_name":"Avanza360","article_modified_time":"2025-07-29T17:06:17+00:00","twitter_card":"summary_large_image","twitter_misc":{"Tiempo de lectura":"1 minuto"},"schema":{"@context":"https:\/\/schema.org","@graph":[{"@type":"WebPage","@id":"https:\/\/avanza360sa.cl\/index.php\/contacto\/","url":"https:\/\/avanza360sa.cl\/index.php\/contacto\/","name":"Contacto - Avanza360","isPartOf":{"@id":"https:\/\/avanza360sa.cl\/#website"},"datePublished":"2025-06-02T15:50:58+00:00","dateModified":"2025-07-29T17:06:17+00:00","breadcrumb":{"@id":"https:\/\/avanza360sa.cl\/index.php\/contacto\/#breadcrumb"},"inLanguage":"es","potentialAction":[{"@type":"ReadAction","target":["https:\/\/avanza360sa.cl\/index.php\/contacto\/"]}]},{"@type":"BreadcrumbList","@id":"https:\/\/avanza360sa.cl\/index.php\/contacto\/#breadcrumb","itemListElement":[{"@type":"ListItem","position":1,"name":"Portada","item":"https:\/\/avanza360sa.cl\/"},{"@type":"ListItem","position":2,"name":"Contacto"}]},{"@type":"WebSite","@id":"https:\/\/avanza360sa.cl\/#website","url":"https:\/\/avanza360sa.cl\/","name":"Avanza360","description":"","publisher":{"@id":"https:\/\/avanza360sa.cl\/#organization"},"potentialAction":[{"@type":"SearchAction","target":{"@type":"EntryPoint","urlTemplate":"https:\/\/avanza360sa.cl\/?s={search_term_string}"},"query-input":{"@type":"PropertyValueSpecification","valueRequired":true,"valueName":"search_term_string"}}],"inLanguage":"es"},{"@type":"Organization","@id":"https:\/\/avanza360sa.cl\/#organization","name":"Avanza360","url":"https:\/\/avanza360sa.cl\/","logo":{"@type":"ImageObject","inLanguage":"es","@id":"https:\/\/avanza360sa.cl\/#\/schema\/logo\/image\/","url":"https:\/\/avanza360sa.cl\/wp-content\/uploads\/2025\/06\/Recurso-3.png","contentUrl":"https:\/\/avanza360sa.cl\/wp-content\/uploads\/2025\/06\/Recurso-3.png","width":1378,"height":276,"caption":"Avanza360"},"image":{"@id":"https:\/\/avanza360sa.cl\/#\/schema\/logo\/image\/"}}]}},"_links":{"self":[{"href":"https:\/\/avanza360sa.cl\/index.php\/wp-json\/wp\/v2\/pages\/90","targetHints":{"allow":["GET"]}}],"collection":[{"href":"https:\/\/avanza360sa.cl\/index.php\/wp-json\/wp\/v2\/pages"}],"about":[{"href":"https:\/\/avanza360sa.cl\/index.php\/wp-json\/wp\/v2\/types\/page"}],"author":[{"embeddable":true,"href":"https:\/\/avanza360sa.cl\/index.php\/wp-json\/wp\/v2\/users\/2"}],"replies":[{"embeddable":true,"href":"https:\/\/avanza360sa.cl\/index.php\/wp-json\/wp\/v2\/comments?post=90"}],"version-history":[{"count":11,"href":"https:\/\/avanza360sa.cl\/index.php\/wp-json\/wp\/v2\/pages\/90\/revisions"}],"predecessor-version":[{"id":26382,"href":"https:\/\/avanza360sa.cl\/index.php\/wp-json\/wp\/v2\/pages\/90\/revisions\/26382"}],"wp:attachment":[{"href":"https:\/\/avanza360sa.cl\/index.php\/wp-json\/wp\/v2\/media?parent=90"}],"curies":[{"name":"wp","href":"https:\/\/api.w.org\/{rel}","templated":true}]}}