{"id":83,"date":"2025-06-02T15:47:22","date_gmt":"2025-06-02T15:47:22","guid":{"rendered":"https:\/\/avanza360sa.cl\/?page_id=83"},"modified":"2026-03-31T22:00:02","modified_gmt":"2026-03-31T22:00:02","slug":"nosotros","status":"publish","type":"page","link":"https:\/\/avanza360sa.cl\/index.php\/nosotros\/","title":{"rendered":"Nosotros"},"content":{"rendered":"<p>[et_pb_section fb_built=\u00bb1&#8243; admin_label=\u00bbHeader\u00bb _builder_version=\u00bb4.27.4&#8243; _module_preset=\u00bbdefault\u00bb background_color=\u00bbgcid-1b4a3854-7b44-49f6-922e-e1ac36476373&#8243; custom_padding=\u00bb90px||90px||true|false\u00bb collapsed=\u00bbon\u00bb global_colors_info=\u00bb{%22gcid-1b4a3854-7b44-49f6-922e-e1ac36476373%22:%91%22background_color%22%93}\u00bb][et_pb_row column_structure=\u00bb1_2,1_2&#8243; _builder_version=\u00bb4.20.0&#8243; _module_preset=\u00bbdefault\u00bb global_colors_info=\u00bb{}\u00bb][et_pb_column type=\u00bb1_2&#8243; _builder_version=\u00bb4.20.0&#8243; _module_preset=\u00bbdefault\u00bb global_colors_info=\u00bb{}\u00bb][et_pb_text _builder_version=\u00bb4.27.4&#8243; _module_preset=\u00bb9940f6af-88a7-46ce-b4ac-f73ec46fe327&#8243; text_font=\u00bbSpace Grotesk||||||||\u00bb text_font_size=\u00bb32px\u00bb header_text_color=\u00bb#FFFFFF\u00bb header_font_size=\u00bb44px\u00bb header_line_height=\u00bb1em\u00bb header_3_font=\u00bbSpace Grotesk|700|||||||\u00bb header_3_text_color=\u00bb#FFFFFF\u00bb header_3_font_size=\u00bb50px\u00bb custom_margin=\u00bb20px||10px||false|false\u00bb global_colors_info=\u00bb{}\u00bb]<\/p>\n<h1>Sobre Avanza360: Expertos en Gesti\u00f3n Automotriz Digital<\/h1>\n<p>[\/et_pb_text][et_pb_text _builder_version=\u00bb4.27.4&#8243; _module_preset=\u00bb9940f6af-88a7-46ce-b4ac-f73ec46fe327&#8243; header_text_color=\u00bbgcid-095f3017-670a-4d45-bbf8-520034f23a92&#8243; header_font_size=\u00bb35px\u00bb header_2_font=\u00bbSpace Grotesk|700|||||||\u00bb header_2_text_color=\u00bb#21a7f9&#8243; header_2_font_size=\u00bb32px\u00bb custom_margin=\u00bb||10px||false|false\u00bb global_colors_info=\u00bb{%22gcid-095f3017-670a-4d45-bbf8-520034f23a92%22:%91%22header_text_color%22%93}\u00bb]<\/p>\n<h2>M\u00e1s de 18 a\u00f1os transformando la gesti\u00f3n automotriz en Chile<\/h2>\n<p>[\/et_pb_text][et_pb_text _builder_version=\u00bb4.27.4&#8243; _module_preset=\u00bb9b694f3b-843a-40c2-8448-e49c3aec9428&#8243; text_text_color=\u00bb#FFFFFF\u00bb text_line_height=\u00bb1.5em\u00bb header_font=\u00bbOpen Sans||||||||\u00bb header_text_color=\u00bb#FFFFFF\u00bb header_font_size=\u00bb17px\u00bb header_line_height=\u00bb1.4em\u00bb global_colors_info=\u00bb{}\u00bb]<\/p>\n<p>Nadie te ense\u00f1a lo complejo que es un tr\u00e1mite automotriz\u2026 hasta que lo vives. En Avanza 360 lo vivimos tantas veces, que decidimos solucionarlo. Con m\u00e1s de 18 a\u00f1os de experiencia, creamos la soluci\u00f3n digital para realizar la transferencia de veh\u00edculos usados online. Nuestra soluci\u00f3n digital es simple, segura y, sobre todo, humana. Porque avanzar deber\u00eda ser f\u00e1cil. Lo hacemos posible con tecnolog\u00eda, trayectoria y un compromiso real con tu tranquilidad.<\/p>\n<p>[\/et_pb_text][\/et_pb_column][et_pb_column type=\u00bb1_2&#8243; _builder_version=\u00bb4.20.0&#8243; _module_preset=\u00bbdefault\u00bb global_colors_info=\u00bb{}\u00bb][et_pb_video src=\u00bbhttps:\/\/www.youtube.com\/watch?v=NaJMLhS23pU\u00bb _builder_version=\u00bb4.27.4&#8243; _module_preset=\u00bbdefault\u00bb custom_padding=\u00bb50px||||false|false\u00bb global_colors_info=\u00bb{}\u00bb][\/et_pb_video][\/et_pb_column][\/et_pb_row][\/et_pb_section][et_pb_section fb_built=\u00bb1&#8243; admin_label=\u00bbFeatures\u00bb _builder_version=\u00bb4.27.4&#8243; _module_preset=\u00bbdefault\u00bb custom_padding=\u00bb60px||59px||false|false\u00bb locked=\u00bboff\u00bb collapsed=\u00bbon\u00bb global_colors_info=\u00bb{}\u00bb][et_pb_row _builder_version=\u00bb4.27.4&#8243; _module_preset=\u00bbdefault\u00bb custom_margin=\u00bb||||false|false\u00bb custom_padding=\u00bb0px||||false|false\u00bb global_colors_info=\u00bb{}\u00bb][et_pb_column type=\u00bb4_4&#8243; _builder_version=\u00bb4.20.0&#8243; _module_preset=\u00bbdefault\u00bb global_colors_info=\u00bb{}\u00bb][et_pb_text _builder_version=\u00bb4.27.4&#8243; _module_preset=\u00bb17afc1ec-4a40-4571-bed3-acc4f2464808&#8243; header_font=\u00bbSpace Grotesk|700|||||||\u00bb header_2_text_color=\u00bbgcid-1b4a3854-7b44-49f6-922e-e1ac36476373&#8243; header_3_font=\u00bbSpace Grotesk|700|||||||\u00bb header_3_text_color=\u00bb#003bbf\u00bb header_3_font_size=\u00bb46px\u00bb text_orientation=\u00bbcenter\u00bb global_colors_info=\u00bb{%22gcid-1b4a3854-7b44-49f6-922e-e1ac36476373%22:%91%22header_2_text_color%22,%22header_2_text_color%22,%22header_2_text_color%22,%22header_2_text_color%22%93}\u00bb]<\/p>\n<h3>Digital, simple y humano<\/h3>\n<p>[\/et_pb_text][et_pb_text _builder_version=\u00bb4.27.4&#8243; _module_preset=\u00bbdefault\u00bb text_text_color=\u00bbgcid-c84eecc8-f912-4e80-9560-b9e5c3607a9a\u00bb text_font_size=\u00bb18px\u00bb header_font=\u00bbOpen Sans||||||||\u00bb header_font_size=\u00bb16px\u00bb header_2_font_size=\u00bb19px\u00bb header_2_line_height=\u00bb1.4em\u00bb text_orientation=\u00bbcenter\u00bb global_colors_info=\u00bb{%22gcid-c84eecc8-f912-4e80-9560-b9e5c3607a9a%22:%91%22text_text_color%22%93}\u00bb]<\/p>\n<p>Somos una startup nacida en el sur de Chile, impulsada por un equipo multidisciplinario con m\u00e1s de 18 a\u00f1os de experiencia en el rubro automotriz, legal y tecnol\u00f3gico.<\/p>\n<p>En Avanza360 utilizamos esta trayectoria para revolucionar la gesti\u00f3n de tr\u00e1mites administrativos, especializ\u00e1ndonos en la transferencia de veh\u00edculo usado online. Creamos soluciones digitales simples, seguras y sin fricciones para personas y empresas en todo Chile, convirtiendo lo que antes era un papeleo lento y presencial en una experiencia \u00e1gil y con pleno respaldo legal.<\/p>\n<p>[\/et_pb_text][\/et_pb_column][\/et_pb_row][\/et_pb_section][et_pb_section fb_built=\u00bb1&#8243; _builder_version=\u00bb4.27.4&#8243; _module_preset=\u00bbdefault\u00bb background_color=\u00bbgcid-1b4a3854-7b44-49f6-922e-e1ac36476373&#8243; custom_padding=\u00bb100px||100px||true|false\u00bb global_colors_info=\u00bb{%22gcid-1b4a3854-7b44-49f6-922e-e1ac36476373%22:%91%22background_color%22%93}\u00bb][et_pb_row _builder_version=\u00bb4.27.4&#8243; _module_preset=\u00bbdefault\u00bb custom_padding=\u00bb0px||0px||true|false\u00bb global_colors_info=\u00bb{}\u00bb][et_pb_column type=\u00bb4_4&#8243; _builder_version=\u00bb4.27.4&#8243; _module_preset=\u00bbdefault\u00bb global_colors_info=\u00bb{}\u00bb][et_pb_text _builder_version=\u00bb4.27.4&#8243; _module_preset=\u00bb17afc1ec-4a40-4571-bed3-acc4f2464808&#8243; header_2_text_color=\u00bb#FFFFFF\u00bb header_2_font_size=\u00bb40px\u00bb header_4_text_color=\u00bb#FFFFFF\u00bb header_4_font_size=\u00bb40px\u00bb custom_padding=\u00bb0px||0px||true|false\u00bb global_colors_info=\u00bb{}\u00bb]<\/p>\n<h4>Formamos parte de:<\/h4>\n<p>[\/et_pb_text][\/et_pb_column][\/et_pb_row][et_pb_row column_structure=\u00bb1_2,1_2&#8243; _builder_version=\u00bb4.27.4&#8243; _module_preset=\u00bbdefault\u00bb custom_padding=\u00bb0px||0px||true|false\u00bb global_colors_info=\u00bb{}\u00bb][et_pb_column type=\u00bb1_2&#8243; _builder_version=\u00bb4.27.4&#8243; _module_preset=\u00bbdefault\u00bb global_colors_info=\u00bb{}\u00bb][ba_logo_carousel is_autoplay=\u00bboff\u00bb use_nav=\u00bboff\u00bb slide_spacing=\u00bb20px\u00bb use_both_side_spacing=\u00bboff\u00bb is_infinite=\u00bboff\u00bb nav_height=\u00bb48px\u00bb nav_width=\u00bb48px\u00bb nav_color=\u00bb#ffffff\u00bb nav_bg=\u00bb#3979ff\u00bb icon_left=\u00bb&#xf104;||fa||900&#8243; icon_right=\u00bb&#xf105;||fa||900&#8243; logo_hover=\u00bbno_hover\u00bb _builder_version=\u00bb4.27.4&#8243; _module_preset=\u00bbdefault\u00bb custom_padding=\u00bb0px||||false|false\u00bb global_colors_info=\u00bb{}\u00bb][ba_logo_carousel_child logo=\u00bbhttps:\/\/avanza360sa.cl\/wp-content\/uploads\/2025\/06\/logo-corfo.png\u00bb _builder_version=\u00bb4.27.4&#8243; global_colors_info=\u00bb{}\u00bb][\/ba_logo_carousel_child][ba_logo_carousel_child logo=\u00bbhttps:\/\/avanza360sa.cl\/wp-content\/uploads\/2025\/07\/IncubaUdeC-Blanco-1-1.png\u00bb _builder_version=\u00bb4.27.4&#8243; global_colors_info=\u00bb{}\u00bb][\/ba_logo_carousel_child][ba_logo_carousel_child logo=\u00bbhttps:\/\/avanza360sa.cl\/wp-content\/uploads\/2025\/06\/startupbiobiologo.png\u00bb _builder_version=\u00bb4.27.4&#8243; custom_padding=\u00bb0px||||false|false\u00bb global_colors_info=\u00bb{}\u00bb][\/ba_logo_carousel_child][\/ba_logo_carousel][\/et_pb_column][et_pb_column type=\u00bb1_2&#8243; _builder_version=\u00bb4.27.4&#8243; _module_preset=\u00bbdefault\u00bb global_colors_info=\u00bb{}\u00bb][et_pb_text _builder_version=\u00bb4.27.4&#8243; _module_preset=\u00bb9b694f3b-843a-40c2-8448-e49c3aec9428&#8243; text_text_color=\u00bb#FFFFFF\u00bb hover_enabled=\u00bb0&#8243; global_colors_info=\u00bb{}\u00bb header_3_font=\u00bbSpace Grotesk||||||||\u00bb header_3_text_color=\u00bb#FFFFFF\u00bb sticky_enabled=\u00bb0&#8243;]<\/p>\n<h3>Innovaci\u00f3n con respaldo institucional y legal<\/h3>\n<p>[\/et_pb_text][et_pb_text _builder_version=\u00bb4.27.4&#8243; _module_preset=\u00bb9b694f3b-843a-40c2-8448-e49c3aec9428&#8243; text_text_color=\u00bb#FFFFFF\u00bb hover_enabled=\u00bb0&#8243; global_colors_info=\u00bb{}\u00bb custom_margin=\u00bb-16px||||false|false\u00bb sticky_enabled=\u00bb0&#8243;]<\/p>\n<p>Como parte del ecosistema de emprendimiento de <b data-path-to-node=\"13,1,1,0\" data-index-in-node=\"48\">IncubaUdeC<\/b>, garantizamos un est\u00e1ndar de confianza superior. No solo gestionamos documentos; protegemos tu patrimonio mediante el uso de Firma Electr\u00f3nica Avanzada y procesos validados ante las instituciones correspondientes, desde el Biob\u00edo para todo el pa\u00eds.<\/p>\n<p>[\/et_pb_text][\/et_pb_column][\/et_pb_row][\/et_pb_section][et_pb_section fb_built=\u00bb1&#8243; admin_label=\u00bbFeatures\u00bb _builder_version=\u00bb4.20.0&#8243; _module_preset=\u00bbdefault\u00bb locked=\u00bboff\u00bb collapsed=\u00bbon\u00bb global_colors_info=\u00bb{}\u00bb][et_pb_row _builder_version=\u00bb4.27.4&#8243; _module_preset=\u00bbdefault\u00bb animation_style=\u00bbslide\u00bb animation_direction=\u00bbbottom\u00bb animation_intensity_slide=\u00bb20%\u00bb locked=\u00bboff\u00bb global_colors_info=\u00bb{}\u00bb][et_pb_column type=\u00bb4_4&#8243; _builder_version=\u00bb4.20.0&#8243; _module_preset=\u00bbdefault\u00bb global_colors_info=\u00bb{}\u00bb][et_pb_text _builder_version=\u00bb4.27.4&#8243; _module_preset=\u00bb88fbbf09-23bc-4f54-9bc9-1455f09c58ff\u00bb header_2_font=\u00bbSpace Grotesk|700||on|||||\u00bb header_2_text_color=\u00bbgcid-1b4a3854-7b44-49f6-922e-e1ac36476373&#8243; header_2_font_size=\u00bb60px\u00bb header_3_font=\u00bbSpace Grotesk|700|||||||\u00bb header_3_text_color=\u00bb#003bbf\u00bb header_3_font_size=\u00bb42px\u00bb text_orientation=\u00bbcenter\u00bb custom_margin=\u00bb0px||0px||true|false\u00bb custom_padding=\u00bb0px||0px||true|false\u00bb global_colors_info=\u00bb{%22gcid-1b4a3854-7b44-49f6-922e-e1ac36476373%22:%91%22header_2_text_color%22,%22header_2_text_color%22%93}\u00bb]<\/p>\n<h3>Olv\u00eddate del papeleo<br \/>Nosotros nos encargamos de todo<\/h3>\n<p>[\/et_pb_text][et_pb_text _builder_version=\u00bb4.27.4&#8243; _module_preset=\u00bbdefault\u00bb text_text_color=\u00bb#000000&#8243; text_font_size=\u00bb20px\u00bb text_line_height=\u00bb1.2em\u00bb header_font=\u00bbSpace Grotesk||||||||\u00bb header_text_align=\u00bbcenter\u00bb header_3_text_align=\u00bbcenter\u00bb header_3_line_height=\u00bb1.2em\u00bb header_4_font_size=\u00bb21px\u00bb header_4_line_height=\u00bb1.4em\u00bb text_orientation=\u00bbcenter\u00bb width=\u00bb85%\u00bb module_alignment=\u00bbcenter\u00bb custom_margin=\u00bb10px||||false|false\u00bb locked=\u00bboff\u00bb global_colors_info=\u00bb{}\u00bb]<\/p>\n<h4>Nuestra misi\u00f3n es devolverte el control de tu tiempo. Ya sea que necesites una <b data-path-to-node=\"17,0,0\" data-index-in-node=\"98\">transferencia de veh\u00edculo usado<\/b> o <b data-path-to-node=\"17,0,0\" data-index-in-node=\"132\">gestionar tu TAG a domicilio<\/b>, en Avanza360 lo hacemos simple, seguro, 100% digital y con total respaldo legal.<\/h4>\n<p>[\/et_pb_text][et_pb_button button_url=\u00bb@ET-DC@eyJkeW5hbWljIjp0cnVlLCJjb250ZW50IjoicG9zdF9saW5rX3VybF9wYWdlIiwic2V0dGluZ3MiOnsicG9zdF9pZCI6IjkwIn19@\u00bb button_text=\u00bbcont\u00e1ctanos\u00bb button_alignment=\u00bbcenter\u00bb _builder_version=\u00bb4.27.4&#8243; _dynamic_attributes=\u00bbbutton_url\u00bb _module_preset=\u00bbb9a97e6a-27a2-483d-bbeb-1e97b391a734&#8243; button_text_color=\u00bbgcid-1b4a3854-7b44-49f6-922e-e1ac36476373&#8243; global_colors_info=\u00bb{%22gcid-095f3017-670a-4d45-bbf8-520034f23a92%22:%91%22button_bg_color%22%93,%22gcid-1b4a3854-7b44-49f6-922e-e1ac36476373%22:%91%22button_text_color%22%93}\u00bb][\/et_pb_button][\/et_pb_column][\/et_pb_row][\/et_pb_section]<\/p>\n","protected":false},"excerpt":{"rendered":"<p>Sobre Avanza360: Expertos en Gesti\u00f3n Automotriz DigitalM\u00e1s de 18 a\u00f1os transformando la gesti\u00f3n automotriz en ChileNadie te ense\u00f1a lo complejo que es un tr\u00e1mite automotriz\u2026 hasta que lo vives. En Avanza 360 lo vivimos tantas veces, que decidimos solucionarlo. Con m\u00e1s de 18 a\u00f1os de experiencia, creamos la soluci\u00f3n digital para realizar la transferencia de [&hellip;]<\/p>\n","protected":false},"author":2,"featured_media":0,"parent":0,"menu_order":0,"comment_status":"closed","ping_status":"closed","template":"","meta":{"_et_pb_use_builder":"on","_et_pb_old_content":"","_et_gb_content_width":"","footnotes":""},"class_list":["post-83","page","type-page","status-publish","hentry"],"yoast_head":"<!-- This site is optimized with the Yoast SEO plugin v25.5 - https:\/\/yoast.com\/wordpress\/plugins\/seo\/ -->\n<title>\u00a1Somos Avanza360!<\/title>\n<meta name=\"description\" content=\"Conoce Avanza360 Startup chilena con 18 a\u00f1os de experiencia en tecnolog\u00eda y gesti\u00f3n para la transferencia de veh\u00edculos usados online. \u00a1Avanza!\" \/>\n<meta name=\"robots\" content=\"index, follow, max-snippet:-1, max-image-preview:large, max-video-preview:-1\" \/>\n<link rel=\"canonical\" href=\"https:\/\/avanza360sa.cl\/index.php\/nosotros\/\" \/>\n<meta property=\"og:locale\" content=\"es_ES\" \/>\n<meta property=\"og:type\" content=\"article\" \/>\n<meta property=\"og:title\" content=\"\u00a1Somos Avanza360!\" \/>\n<meta property=\"og:description\" content=\"Conoce Avanza360 Startup chilena con 18 a\u00f1os de experiencia en tecnolog\u00eda y gesti\u00f3n para la transferencia de veh\u00edculos usados online. \u00a1Avanza!\" \/>\n<meta property=\"og:url\" content=\"https:\/\/avanza360sa.cl\/index.php\/nosotros\/\" \/>\n<meta property=\"og:site_name\" content=\"Avanza360\" \/>\n<meta property=\"article:modified_time\" content=\"2026-03-31T22:00:02+00:00\" \/>\n<meta name=\"twitter:card\" content=\"summary_large_image\" \/>\n<meta name=\"twitter:label1\" content=\"Tiempo de lectura\" \/>\n\t<meta name=\"twitter:data1\" content=\"2 minutos\" \/>\n<script type=\"application\/ld+json\" class=\"yoast-schema-graph\">{\"@context\":\"https:\/\/schema.org\",\"@graph\":[{\"@type\":\"WebPage\",\"@id\":\"https:\/\/avanza360sa.cl\/index.php\/nosotros\/\",\"url\":\"https:\/\/avanza360sa.cl\/index.php\/nosotros\/\",\"name\":\"\u00a1Somos Avanza360!\",\"isPartOf\":{\"@id\":\"https:\/\/avanza360sa.cl\/#website\"},\"datePublished\":\"2025-06-02T15:47:22+00:00\",\"dateModified\":\"2026-03-31T22:00:02+00:00\",\"description\":\"Conoce Avanza360 Startup chilena con 18 a\u00f1os de experiencia en tecnolog\u00eda y gesti\u00f3n para la transferencia de veh\u00edculos usados online. \u00a1Avanza!\",\"breadcrumb\":{\"@id\":\"https:\/\/avanza360sa.cl\/index.php\/nosotros\/#breadcrumb\"},\"inLanguage\":\"es\",\"potentialAction\":[{\"@type\":\"ReadAction\",\"target\":[\"https:\/\/avanza360sa.cl\/index.php\/nosotros\/\"]}]},{\"@type\":\"BreadcrumbList\",\"@id\":\"https:\/\/avanza360sa.cl\/index.php\/nosotros\/#breadcrumb\",\"itemListElement\":[{\"@type\":\"ListItem\",\"position\":1,\"name\":\"Portada\",\"item\":\"https:\/\/avanza360sa.cl\/\"},{\"@type\":\"ListItem\",\"position\":2,\"name\":\"Nosotros\"}]},{\"@type\":\"WebSite\",\"@id\":\"https:\/\/avanza360sa.cl\/#website\",\"url\":\"https:\/\/avanza360sa.cl\/\",\"name\":\"Avanza360\",\"description\":\"\",\"publisher\":{\"@id\":\"https:\/\/avanza360sa.cl\/#organization\"},\"potentialAction\":[{\"@type\":\"SearchAction\",\"target\":{\"@type\":\"EntryPoint\",\"urlTemplate\":\"https:\/\/avanza360sa.cl\/?s={search_term_string}\"},\"query-input\":{\"@type\":\"PropertyValueSpecification\",\"valueRequired\":true,\"valueName\":\"search_term_string\"}}],\"inLanguage\":\"es\"},{\"@type\":\"Organization\",\"@id\":\"https:\/\/avanza360sa.cl\/#organization\",\"name\":\"Avanza360\",\"url\":\"https:\/\/avanza360sa.cl\/\",\"logo\":{\"@type\":\"ImageObject\",\"inLanguage\":\"es\",\"@id\":\"https:\/\/avanza360sa.cl\/#\/schema\/logo\/image\/\",\"url\":\"https:\/\/avanza360sa.cl\/wp-content\/uploads\/2025\/06\/Recurso-3.png\",\"contentUrl\":\"https:\/\/avanza360sa.cl\/wp-content\/uploads\/2025\/06\/Recurso-3.png\",\"width\":1378,\"height\":276,\"caption\":\"Avanza360\"},\"image\":{\"@id\":\"https:\/\/avanza360sa.cl\/#\/schema\/logo\/image\/\"}}]}<\/script>\n<!-- \/ Yoast SEO plugin. -->","yoast_head_json":{"title":"\u00a1Somos Avanza360!","description":"Conoce Avanza360 Startup chilena con 18 a\u00f1os de experiencia en tecnolog\u00eda y gesti\u00f3n para la transferencia de veh\u00edculos usados online. \u00a1Avanza!","robots":{"index":"index","follow":"follow","max-snippet":"max-snippet:-1","max-image-preview":"max-image-preview:large","max-video-preview":"max-video-preview:-1"},"canonical":"https:\/\/avanza360sa.cl\/index.php\/nosotros\/","og_locale":"es_ES","og_type":"article","og_title":"\u00a1Somos Avanza360!","og_description":"Conoce Avanza360 Startup chilena con 18 a\u00f1os de experiencia en tecnolog\u00eda y gesti\u00f3n para la transferencia de veh\u00edculos usados online. \u00a1Avanza!","og_url":"https:\/\/avanza360sa.cl\/index.php\/nosotros\/","og_site_name":"Avanza360","article_modified_time":"2026-03-31T22:00:02+00:00","twitter_card":"summary_large_image","twitter_misc":{"Tiempo de lectura":"2 minutos"},"schema":{"@context":"https:\/\/schema.org","@graph":[{"@type":"WebPage","@id":"https:\/\/avanza360sa.cl\/index.php\/nosotros\/","url":"https:\/\/avanza360sa.cl\/index.php\/nosotros\/","name":"\u00a1Somos Avanza360!","isPartOf":{"@id":"https:\/\/avanza360sa.cl\/#website"},"datePublished":"2025-06-02T15:47:22+00:00","dateModified":"2026-03-31T22:00:02+00:00","description":"Conoce Avanza360 Startup chilena con 18 a\u00f1os de experiencia en tecnolog\u00eda y gesti\u00f3n para la transferencia de veh\u00edculos usados online. \u00a1Avanza!","breadcrumb":{"@id":"https:\/\/avanza360sa.cl\/index.php\/nosotros\/#breadcrumb"},"inLanguage":"es","potentialAction":[{"@type":"ReadAction","target":["https:\/\/avanza360sa.cl\/index.php\/nosotros\/"]}]},{"@type":"BreadcrumbList","@id":"https:\/\/avanza360sa.cl\/index.php\/nosotros\/#breadcrumb","itemListElement":[{"@type":"ListItem","position":1,"name":"Portada","item":"https:\/\/avanza360sa.cl\/"},{"@type":"ListItem","position":2,"name":"Nosotros"}]},{"@type":"WebSite","@id":"https:\/\/avanza360sa.cl\/#website","url":"https:\/\/avanza360sa.cl\/","name":"Avanza360","description":"","publisher":{"@id":"https:\/\/avanza360sa.cl\/#organization"},"potentialAction":[{"@type":"SearchAction","target":{"@type":"EntryPoint","urlTemplate":"https:\/\/avanza360sa.cl\/?s={search_term_string}"},"query-input":{"@type":"PropertyValueSpecification","valueRequired":true,"valueName":"search_term_string"}}],"inLanguage":"es"},{"@type":"Organization","@id":"https:\/\/avanza360sa.cl\/#organization","name":"Avanza360","url":"https:\/\/avanza360sa.cl\/","logo":{"@type":"ImageObject","inLanguage":"es","@id":"https:\/\/avanza360sa.cl\/#\/schema\/logo\/image\/","url":"https:\/\/avanza360sa.cl\/wp-content\/uploads\/2025\/06\/Recurso-3.png","contentUrl":"https:\/\/avanza360sa.cl\/wp-content\/uploads\/2025\/06\/Recurso-3.png","width":1378,"height":276,"caption":"Avanza360"},"image":{"@id":"https:\/\/avanza360sa.cl\/#\/schema\/logo\/image\/"}}]}},"_links":{"self":[{"href":"https:\/\/avanza360sa.cl\/index.php\/wp-json\/wp\/v2\/pages\/83","targetHints":{"allow":["GET"]}}],"collection":[{"href":"https:\/\/avanza360sa.cl\/index.php\/wp-json\/wp\/v2\/pages"}],"about":[{"href":"https:\/\/avanza360sa.cl\/index.php\/wp-json\/wp\/v2\/types\/page"}],"author":[{"embeddable":true,"href":"https:\/\/avanza360sa.cl\/index.php\/wp-json\/wp\/v2\/users\/2"}],"replies":[{"embeddable":true,"href":"https:\/\/avanza360sa.cl\/index.php\/wp-json\/wp\/v2\/comments?post=83"}],"version-history":[{"count":42,"href":"https:\/\/avanza360sa.cl\/index.php\/wp-json\/wp\/v2\/pages\/83\/revisions"}],"predecessor-version":[{"id":26529,"href":"https:\/\/avanza360sa.cl\/index.php\/wp-json\/wp\/v2\/pages\/83\/revisions\/26529"}],"wp:attachment":[{"href":"https:\/\/avanza360sa.cl\/index.php\/wp-json\/wp\/v2\/media?parent=83"}],"curies":[{"name":"wp","href":"https:\/\/api.w.org\/{rel}","templated":true}]}}