{"id":26176,"date":"2025-06-23T16:15:49","date_gmt":"2025-06-23T16:15:49","guid":{"rendered":"https:\/\/avanza360sa.cl\/?page_id=26176"},"modified":"2026-04-01T15:49:53","modified_gmt":"2026-04-01T15:49:53","slug":"preguntas_frecuentes","status":"publish","type":"page","link":"https:\/\/avanza360sa.cl\/index.php\/preguntas_frecuentes\/","title":{"rendered":"Preguntas Frecuentes"},"content":{"rendered":"<p>[et_pb_section fb_built=\u00bb1&#8243; admin_label=\u00bbServices\u00bb _builder_version=\u00bb4.27.4&#8243; _module_preset=\u00bbdefault\u00bb background_color=\u00bbgcid-4f56aa54-3b36-4432-8908-d727fd88891e\u00bb collapsed=\u00bbon\u00bb global_colors_info=\u00bb{%22gcid-4f56aa54-3b36-4432-8908-d727fd88891e%22:%91%22background_color%22%93}\u00bb][et_pb_row _builder_version=\u00bb4.27.4&#8243; _module_preset=\u00bbdefault\u00bb animation_style=\u00bbslide\u00bb animation_direction=\u00bbbottom\u00bb animation_intensity_slide=\u00bb20%\u00bb locked=\u00bboff\u00bb global_colors_info=\u00bb{}\u00bb][et_pb_column type=\u00bb4_4&#8243; _builder_version=\u00bb4.20.0&#8243; _module_preset=\u00bbdefault\u00bb global_colors_info=\u00bb{}\u00bb][et_pb_text _builder_version=\u00bb4.27.4&#8243; _module_preset=\u00bb58e01b25-d0db-4673-abec-27c0cef09e06&#8243; header_4_text_color=\u00bbgcid-095f3017-670a-4d45-bbf8-520034f23a92&#8243; text_orientation=\u00bbcenter\u00bb global_colors_info=\u00bb{%22gcid-095f3017-670a-4d45-bbf8-520034f23a92%22:%91%22header_4_text_color%22%93}\u00bb]<\/p>\n<h4>Paso a paso<\/h4>\n<p>[\/et_pb_text][et_pb_text _builder_version=\u00bb4.27.4&#8243; _module_preset=\u00bb668b533b-c9d9-4cc1-a99c-770de77435ef\u00bb header_2_text_color=\u00bbgcid-1b4a3854-7b44-49f6-922e-e1ac36476373&#8243; header_2_font_size=\u00bb60px\u00bb text_orientation=\u00bbcenter\u00bb hover_enabled=\u00bb0&#8243; global_colors_info=\u00bb{%22gcid-1b4a3854-7b44-49f6-922e-e1ac36476373%22:%91%22header_2_text_color%22,%22header_2_text_color%22%93}\u00bb header_text_color=\u00bb#003bbf\u00bb header_font_size=\u00bb48px\u00bb header_font=\u00bbSpace Grotesk|700|||||||\u00bb sticky_enabled=\u00bb0&#8243; header_line_height=\u00bb1.2em\u00bb]<\/p>\n<h1>\u00bfC\u00f3mo hacemos transferencias de veh\u00edculos 100% online?<\/h1>\n<p>[\/et_pb_text][\/et_pb_column][\/et_pb_row][et_pb_row column_structure=\u00bb1_3,1_3,1_3&#8243; _builder_version=\u00bb4.27.4&#8243; _module_preset=\u00bbdefault\u00bb animation_style=\u00bbslide\u00bb animation_direction=\u00bbbottom\u00bb animation_intensity_slide=\u00bb20%\u00bb global_colors_info=\u00bb{}\u00bb][et_pb_column type=\u00bb1_3&#8243; _builder_version=\u00bb4.20.0&#8243; _module_preset=\u00bbdefault\u00bb custom_padding_tablet=\u00bb||30px||false|false\u00bb custom_padding_phone=\u00bb||30px||false|false\u00bb custom_padding_last_edited=\u00bbon|tablet\u00bb global_colors_info=\u00bb{}\u00bb][et_pb_blurb title=\u00bb1. Pago del Servicio\u00bb use_icon=\u00bbon\u00bb font_icon=\u00bb&#xf4c0;||fa||900&#8243; icon_color=\u00bbgcid-095f3017-670a-4d45-bbf8-520034f23a92&#8243; icon_placement=\u00bbtop\u00bb image_icon_width=\u00bb96px\u00bb _builder_version=\u00bb4.27.4&#8243; _module_preset=\u00bb3743ab5b-0bca-467f-bb65-c57490524a6a\u00bb header_text_align=\u00bbcenter\u00bb header_text_color=\u00bbgcid-1b4a3854-7b44-49f6-922e-e1ac36476373&#8243; body_text_align=\u00bbcenter\u00bb body_text_color=\u00bbgcid-1b4a3854-7b44-49f6-922e-e1ac36476373&#8243; locked=\u00bboff\u00bb global_colors_info=\u00bb{%22gcid-095f3017-670a-4d45-bbf8-520034f23a92%22:%91%22icon_color%22%93,%22gcid-1b4a3854-7b44-49f6-922e-e1ac36476373%22:%91%22header_text_color%22,%22body_text_color%22%93}\u00bb][\/et_pb_blurb][\/et_pb_column][et_pb_column type=\u00bb1_3&#8243; _builder_version=\u00bb4.20.0&#8243; _module_preset=\u00bbdefault\u00bb custom_padding_tablet=\u00bb||30px||false|false\u00bb custom_padding_phone=\u00bb||30px||false|false\u00bb custom_padding_last_edited=\u00bbon|tablet\u00bb global_colors_info=\u00bb{}\u00bb][et_pb_blurb title=\u00bb2. Comprador y vendedor env\u00eda documentaci\u00f3n v\u00eda Whatsapp\u00bb use_icon=\u00bbon\u00bb font_icon=\u00bb&#x2a;||divi||400&#8243; icon_color=\u00bbgcid-095f3017-670a-4d45-bbf8-520034f23a92&#8243; icon_placement=\u00bbtop\u00bb image_icon_width=\u00bb96px\u00bb _builder_version=\u00bb4.27.4&#8243; _module_preset=\u00bb3743ab5b-0bca-467f-bb65-c57490524a6a\u00bb header_text_align=\u00bbcenter\u00bb header_text_color=\u00bbgcid-1b4a3854-7b44-49f6-922e-e1ac36476373&#8243; body_text_align=\u00bbcenter\u00bb body_text_color=\u00bbgcid-1b4a3854-7b44-49f6-922e-e1ac36476373&#8243; locked=\u00bboff\u00bb global_colors_info=\u00bb{%22gcid-095f3017-670a-4d45-bbf8-520034f23a92%22:%91%22icon_color%22,%22icon_color%22%93,%22gcid-1b4a3854-7b44-49f6-922e-e1ac36476373%22:%91%22header_text_color%22,%22body_text_color%22%93}\u00bb][\/et_pb_blurb][\/et_pb_column][et_pb_column type=\u00bb1_3&#8243; _builder_version=\u00bb4.20.0&#8243; _module_preset=\u00bbdefault\u00bb global_colors_info=\u00bb{}\u00bb][et_pb_blurb title=\u00bb3. Validamos la informaci\u00f3n\u00bb use_icon=\u00bbon\u00bb font_icon=\u00bb&#xf0ae;||fa||900&#8243; icon_color=\u00bbgcid-095f3017-670a-4d45-bbf8-520034f23a92&#8243; icon_placement=\u00bbtop\u00bb image_icon_width=\u00bb96px\u00bb _builder_version=\u00bb4.27.4&#8243; _module_preset=\u00bb3743ab5b-0bca-467f-bb65-c57490524a6a\u00bb header_text_align=\u00bbcenter\u00bb header_text_color=\u00bbgcid-1b4a3854-7b44-49f6-922e-e1ac36476373&#8243; body_text_align=\u00bbcenter\u00bb body_text_color=\u00bbgcid-1b4a3854-7b44-49f6-922e-e1ac36476373&#8243; locked=\u00bboff\u00bb global_colors_info=\u00bb{%22gcid-095f3017-670a-4d45-bbf8-520034f23a92%22:%91%22icon_color%22,%22icon_color%22%93,%22gcid-1b4a3854-7b44-49f6-922e-e1ac36476373%22:%91%22header_text_color%22,%22body_text_color%22%93}\u00bb][\/et_pb_blurb][\/et_pb_column][\/et_pb_row][et_pb_row column_structure=\u00bb1_3,1_3,1_3&#8243; _builder_version=\u00bb4.27.4&#8243; _module_preset=\u00bbdefault\u00bb animation_style=\u00bbslide\u00bb animation_direction=\u00bbbottom\u00bb animation_intensity_slide=\u00bb20%\u00bb global_colors_info=\u00bb{}\u00bb][et_pb_column type=\u00bb1_3&#8243; _builder_version=\u00bb4.20.0&#8243; _module_preset=\u00bbdefault\u00bb custom_padding_tablet=\u00bb||30px||false|false\u00bb custom_padding_phone=\u00bb||30px||false|false\u00bb custom_padding_last_edited=\u00bbon|tablet\u00bb global_colors_info=\u00bb{}\u00bb][et_pb_blurb title=\u00bb4. Pago de Impuestos y transferencia\u00bb use_icon=\u00bbon\u00bb font_icon=\u00bb&#xf571;||fa||900&#8243; icon_color=\u00bbgcid-095f3017-670a-4d45-bbf8-520034f23a92&#8243; icon_placement=\u00bbtop\u00bb image_icon_width=\u00bb96px\u00bb _builder_version=\u00bb4.27.4&#8243; _module_preset=\u00bb3743ab5b-0bca-467f-bb65-c57490524a6a\u00bb header_text_align=\u00bbcenter\u00bb header_text_color=\u00bbgcid-1b4a3854-7b44-49f6-922e-e1ac36476373&#8243; body_text_align=\u00bbcenter\u00bb body_text_color=\u00bbgcid-1b4a3854-7b44-49f6-922e-e1ac36476373&#8243; locked=\u00bboff\u00bb global_colors_info=\u00bb{%22gcid-095f3017-670a-4d45-bbf8-520034f23a92%22:%91%22icon_color%22,%22icon_color%22%93,%22gcid-1b4a3854-7b44-49f6-922e-e1ac36476373%22:%91%22header_text_color%22,%22body_text_color%22%93}\u00bb][\/et_pb_blurb][\/et_pb_column][et_pb_column type=\u00bb1_3&#8243; _builder_version=\u00bb4.20.0&#8243; _module_preset=\u00bbdefault\u00bb custom_padding_tablet=\u00bb||30px||false|false\u00bb custom_padding_phone=\u00bb||30px||false|false\u00bb custom_padding_last_edited=\u00bbon|tablet\u00bb global_colors_info=\u00bb{}\u00bb][et_pb_blurb title=\u00bb5. Firma electr\u00f3nica avanzada\u00bb use_icon=\u00bbon\u00bb font_icon=\u00bb&#xf573;||fa||900&#8243; icon_color=\u00bbgcid-095f3017-670a-4d45-bbf8-520034f23a92&#8243; icon_placement=\u00bbtop\u00bb image_icon_width=\u00bb96px\u00bb _builder_version=\u00bb4.27.4&#8243; _module_preset=\u00bb3743ab5b-0bca-467f-bb65-c57490524a6a\u00bb header_text_align=\u00bbcenter\u00bb header_text_color=\u00bbgcid-1b4a3854-7b44-49f6-922e-e1ac36476373&#8243; body_text_align=\u00bbcenter\u00bb body_text_color=\u00bbgcid-1b4a3854-7b44-49f6-922e-e1ac36476373&#8243; locked=\u00bboff\u00bb global_colors_info=\u00bb{%22gcid-095f3017-670a-4d45-bbf8-520034f23a92%22:%91%22icon_color%22,%22icon_color%22%93,%22gcid-1b4a3854-7b44-49f6-922e-e1ac36476373%22:%91%22header_text_color%22,%22body_text_color%22%93}\u00bb][\/et_pb_blurb][\/et_pb_column][et_pb_column type=\u00bb1_3&#8243; _builder_version=\u00bb4.20.0&#8243; _module_preset=\u00bbdefault\u00bb custom_padding_tablet=\u00bb||30px||false|false\u00bb custom_padding_phone=\u00bb||30px||false|false\u00bb custom_padding_last_edited=\u00bbon|tablet\u00bb global_colors_info=\u00bb{}\u00bb][et_pb_blurb title=\u00bb6. Realizamos la transferencia\u00bb use_icon=\u00bbon\u00bb font_icon=\u00bb&#xf56f;||fa||900&#8243; icon_color=\u00bbgcid-095f3017-670a-4d45-bbf8-520034f23a92&#8243; icon_placement=\u00bbtop\u00bb image_icon_width=\u00bb96px\u00bb _builder_version=\u00bb4.27.4&#8243; _module_preset=\u00bb3743ab5b-0bca-467f-bb65-c57490524a6a\u00bb header_text_align=\u00bbcenter\u00bb header_text_color=\u00bbgcid-1b4a3854-7b44-49f6-922e-e1ac36476373&#8243; body_text_align=\u00bbcenter\u00bb body_text_color=\u00bbgcid-1b4a3854-7b44-49f6-922e-e1ac36476373&#8243; locked=\u00bboff\u00bb global_colors_info=\u00bb{%22gcid-095f3017-670a-4d45-bbf8-520034f23a92%22:%91%22icon_color%22,%22icon_color%22%93,%22gcid-1b4a3854-7b44-49f6-922e-e1ac36476373%22:%91%22header_text_color%22,%22body_text_color%22%93}\u00bb][\/et_pb_blurb][\/et_pb_column][\/et_pb_row][et_pb_row column_structure=\u00bb1_3,1_3,1_3&#8243; _builder_version=\u00bb4.27.4&#8243; _module_preset=\u00bbdefault\u00bb animation_style=\u00bbslide\u00bb animation_direction=\u00bbbottom\u00bb animation_intensity_slide=\u00bb20%\u00bb global_colors_info=\u00bb{}\u00bb][et_pb_column type=\u00bb1_3&#8243; _builder_version=\u00bb4.20.0&#8243; _module_preset=\u00bbdefault\u00bb custom_padding_tablet=\u00bb||30px||false|false\u00bb custom_padding_phone=\u00bb||30px||false|false\u00bb custom_padding_last_edited=\u00bbon|tablet\u00bb global_colors_info=\u00bb{}\u00bb][\/et_pb_column][et_pb_column type=\u00bb1_3&#8243; _builder_version=\u00bb4.20.0&#8243; _module_preset=\u00bbdefault\u00bb custom_padding_tablet=\u00bb||30px||false|false\u00bb custom_padding_phone=\u00bb||30px||false|false\u00bb custom_padding_last_edited=\u00bbon|tablet\u00bb global_colors_info=\u00bb{}\u00bb][et_pb_blurb title=\u00bb7. Recibes el comprobante final\u00bb use_icon=\u00bbon\u00bb font_icon=\u00bb&#xf56c;||fa||900&#8243; icon_color=\u00bbgcid-095f3017-670a-4d45-bbf8-520034f23a92&#8243; icon_placement=\u00bbtop\u00bb image_icon_width=\u00bb96px\u00bb _builder_version=\u00bb4.27.4&#8243; _module_preset=\u00bb3743ab5b-0bca-467f-bb65-c57490524a6a\u00bb header_text_align=\u00bbcenter\u00bb header_text_color=\u00bbgcid-1b4a3854-7b44-49f6-922e-e1ac36476373&#8243; body_text_align=\u00bbcenter\u00bb body_text_color=\u00bbgcid-1b4a3854-7b44-49f6-922e-e1ac36476373&#8243; locked=\u00bboff\u00bb global_colors_info=\u00bb{%22gcid-095f3017-670a-4d45-bbf8-520034f23a92%22:%91%22icon_color%22,%22icon_color%22%93,%22gcid-1b4a3854-7b44-49f6-922e-e1ac36476373%22:%91%22header_text_color%22,%22body_text_color%22%93}\u00bb][\/et_pb_blurb][\/et_pb_column][et_pb_column type=\u00bb1_3&#8243; _builder_version=\u00bb4.20.0&#8243; _module_preset=\u00bbdefault\u00bb custom_padding_tablet=\u00bb||30px||false|false\u00bb custom_padding_phone=\u00bb||30px||false|false\u00bb custom_padding_last_edited=\u00bbon|tablet\u00bb global_colors_info=\u00bb{}\u00bb][\/et_pb_column][\/et_pb_row][et_pb_row _builder_version=\u00bb4.27.4&#8243; _module_preset=\u00bbdefault\u00bb background_color=\u00bbgcid-095f3017-670a-4d45-bbf8-520034f23a92&#8243; border_radii=\u00bbon|32px|32px|32px|32px\u00bb global_colors_info=\u00bb{%22gcid-095f3017-670a-4d45-bbf8-520034f23a92%22:%91%22background_color%22%93}\u00bb][et_pb_column type=\u00bb4_4&#8243; _builder_version=\u00bb4.27.4&#8243; _module_preset=\u00bbdefault\u00bb global_colors_info=\u00bb{}\u00bb][et_pb_blurb title=\u00bbRecuerda que no se puede transferir si\u00bb _builder_version=\u00bb4.27.4&#8243; _module_preset=\u00bbb01719b3-accd-4e3d-a6f9-0ddd1a683e30&#8243; header_font=\u00bbSpace Grotesk|700||on|||||\u00bb header_font_size=\u00bb30px\u00bb text_orientation=\u00bbcenter\u00bb custom_padding=\u00bb||||false|false\u00bb locked=\u00bboff\u00bb global_colors_info=\u00bb{}\u00bb]<\/p>\n<ol>\n<li style=\"font-weight: 400;\" aria-level=\"1\"><span style=\"font-weight: 400;\">Veh\u00edculo se encuentra en Prenda\u00a0<\/span><\/li>\n<li style=\"font-weight: 400;\" aria-level=\"1\"><span style=\"font-weight: 400;\">Veh\u00edculos con prohibici\u00f3n de enajenar<\/span><\/li>\n<li style=\"font-weight: 400;\" aria-level=\"1\"><span style=\"font-weight: 400;\">Veh\u00edculos con orden de embargo<\/span><\/li>\n<li style=\"font-weight: 400;\" aria-level=\"1\"><span style=\"font-weight: 400;\">Veh\u00edculos adquiridos en zona franca<\/span><\/li>\n<\/ol>\n<p>[\/et_pb_blurb][\/et_pb_column][\/et_pb_row][\/et_pb_section][et_pb_section fb_built=\u00bb1&#8243; admin_label=\u00bbFAQ\u00bb _builder_version=\u00bb4.27.4&#8243; _module_preset=\u00bbdefault\u00bb background_color=\u00bbgcid-4f56aa54-3b36-4432-8908-d727fd88891e\u00bb saved_tabs=\u00bball\u00bb collapsed=\u00bbon\u00bb global_colors_info=\u00bb{%22gcid-4f56aa54-3b36-4432-8908-d727fd88891e%22:%91%22background_color%22%93}\u00bb][et_pb_row _builder_version=\u00bb4.20.0&#8243; _module_preset=\u00bbdefault\u00bb global_colors_info=\u00bb{}\u00bb][et_pb_column type=\u00bb4_4&#8243; _builder_version=\u00bb4.20.0&#8243; _module_preset=\u00bbdefault\u00bb global_colors_info=\u00bb{}\u00bb][et_pb_text _builder_version=\u00bb4.27.4&#8243; _module_preset=\u00bb6dd3f324-6a45-4966-8958-40d0b2f8cd29&#8243; header_2_text_color=\u00bbgcid-1b4a3854-7b44-49f6-922e-e1ac36476373&#8243; global_colors_info=\u00bb{%22gcid-1b4a3854-7b44-49f6-922e-e1ac36476373%22:%91%22header_2_text_color%22%93}\u00bb]<\/p>\n<h2><b>Preguntas Frecuentes<\/b><\/h2>\n<p>[\/et_pb_text][et_pb_accordion toggle_icon=\u00bb&#xf067;||fa||900&#8243; icon_color=\u00bbgcid-095f3017-670a-4d45-bbf8-520034f23a92&#8243; _builder_version=\u00bb4.27.4&#8243; _module_preset=\u00bb1ab08034-1994-4004-9b16-14ca4e9ac088&#8243; toggle_text_color=\u00bbgcid-1b4a3854-7b44-49f6-922e-e1ac36476373&#8243; border_color_all=\u00bbgcid-095f3017-670a-4d45-bbf8-520034f23a92&#8243; locked=\u00bboff\u00bb global_colors_info=\u00bb{%22gcid-095f3017-670a-4d45-bbf8-520034f23a92%22:%91%22icon_color%22,%22border_color_all%22%93,%22gcid-1b4a3854-7b44-49f6-922e-e1ac36476373%22:%91%22toggle_text_color%22%93}\u00bb][et_pb_accordion_item title=\u00bb\u00bfCu\u00e1nto demora un tr\u00e1mite?\u00bb open=\u00bbon\u00bb open_toggle_background_color=\u00bbgcid-1b4a3854-7b44-49f6-922e-e1ac36476373&#8243; _builder_version=\u00bb4.27.4&#8243; _module_preset=\u00bbdefault\u00bb global_colors_info=\u00bb{%22gcid-1b4a3854-7b44-49f6-922e-e1ac36476373%22:%91%22open_toggle_background_color%22%93}\u00bb]<\/p>\n<p><span style=\"font-weight: 400;\">Una vez firmado el contrato por el notario, la transferencia se ingresa a la instituci\u00f3n oficial en 48 horas h\u00e1biles. Luego, el registro civil tarda entre 14 y 20 d\u00edas h\u00e1biles en formalizar el cambio de propietario. Mientras tanto, puedes seguir con otros tr\u00e1mites del veh\u00edculo.<\/span><\/p>\n<p>[\/et_pb_accordion_item][et_pb_accordion_item title=\u00bb\u00bfQu\u00e9 documentos necesito?\u00bb open_toggle_background_color=\u00bbgcid-1b4a3854-7b44-49f6-922e-e1ac36476373&#8243; _builder_version=\u00bb4.27.4&#8243; _module_preset=\u00bbdefault\u00bb global_colors_info=\u00bb{%22gcid-1b4a3854-7b44-49f6-922e-e1ac36476373%22:%91%22open_toggle_background_color%22%93}\u00bb open=\u00bboff\u00bb]<\/p>\n<p><span style=\"font-weight: 400;\">Para realizar tu transferencia solo necesitas el permiso de circulaci\u00f3n del veh\u00edculo y, c\u00e9dula de identidad vigente<\/span><\/p>\n<p>[\/et_pb_accordion_item][et_pb_accordion_item title=\u00bb\u00bfEs posible transferir un auto con el carnet vencido?\u00bb open_toggle_background_color=\u00bbgcid-1b4a3854-7b44-49f6-922e-e1ac36476373&#8243; _builder_version=\u00bb4.27.4&#8243; _module_preset=\u00bbdefault\u00bb global_colors_info=\u00bb{%22gcid-1b4a3854-7b44-49f6-922e-e1ac36476373%22:%91%22open_toggle_background_color%22%93}\u00bb open=\u00bboff\u00bb]<\/p>\n<p><span style=\"font-weight: 400;\">Para los chilenos, es necesario tener el carnet de identidad vigente. Si eres extranjero, puedes hacer la transferencia con el carnet vencido siempre que presentes un certificado de residencia en tr\u00e1mite y vigente.<\/span><\/p>\n<p>[\/et_pb_accordion_item][et_pb_accordion_item title=\u00bb\u00bfC\u00f3mo s\u00e9 en qu\u00e9 estado est\u00e1 mi proceso?\u00bb open_toggle_background_color=\u00bbgcid-1b4a3854-7b44-49f6-922e-e1ac36476373&#8243; _builder_version=\u00bb4.27.4&#8243; _module_preset=\u00bbdefault\u00bb global_colors_info=\u00bb{%22gcid-1b4a3854-7b44-49f6-922e-e1ac36476373%22:%91%22open_toggle_background_color%22%93}\u00bb open=\u00bboff\u00bb]<\/p>\n<p><span style=\"font-weight: 400;\">Te iremos informando cada avance de tu proceso por correo y WhatsApp, para que est\u00e9s siempre al tanto.<\/span><\/p>\n<p>[\/et_pb_accordion_item][et_pb_accordion_item title=\u00bb\u00bfQu\u00e9 pasa si hay multas?\u00bb open_toggle_background_color=\u00bbgcid-1b4a3854-7b44-49f6-922e-e1ac36476373&#8243; _builder_version=\u00bb4.27.4&#8243; _module_preset=\u00bbdefault\u00bb global_colors_info=\u00bb{%22gcid-1b4a3854-7b44-49f6-922e-e1ac36476373%22:%91%22open_toggle_background_color%22%93}\u00bb open=\u00bboff\u00bb]<\/p>\n<p><span style=\"font-weight: 400;\">Si el veh\u00edculo tiene multas impagas, te avisamos antes de continuar. Podemos ayudarte a regularizarlas para que la transferencia se realice sin problemas.<\/span><\/p>\n<p>[\/et_pb_accordion_item][et_pb_accordion_item title=\u00bb\u00bfPueden gestionar transferencias en cualquier regi\u00f3n del pa\u00eds?\u00bb open_toggle_background_color=\u00bbgcid-1b4a3854-7b44-49f6-922e-e1ac36476373&#8243; _builder_version=\u00bb4.27.4&#8243; _module_preset=\u00bbdefault\u00bb global_colors_info=\u00bb{%22gcid-1b4a3854-7b44-49f6-922e-e1ac36476373%22:%91%22open_toggle_background_color%22%93}\u00bb open=\u00bboff\u00bb]<\/p>\n<p><span style=\"font-weight: 400;\">S\u00ed, atendemos en todo Chile.No importa en qu\u00e9 regi\u00f3n est\u00e9s, gestionamos el proceso de transferencia de forma 100% remota, sin necesidad de que te muevas.<\/span><\/p>\n<p>[\/et_pb_accordion_item][\/et_pb_accordion][\/et_pb_column][\/et_pb_row][\/et_pb_section]<\/p>\n","protected":false},"excerpt":{"rendered":"<p>Paso a paso\u00bfC\u00f3mo hacemos transferencias de veh\u00edculos 100% online? Veh\u00edculo se encuentra en Prenda\u00a0 Veh\u00edculos con prohibici\u00f3n de enajenar Veh\u00edculos con orden de embargo Veh\u00edculos adquiridos en zona franca Preguntas FrecuentesUna vez firmado el contrato por el notario, la transferencia se ingresa a la instituci\u00f3n oficial en 48 horas h\u00e1biles. Luego, el registro civil tarda [&hellip;]<\/p>\n","protected":false},"author":2,"featured_media":0,"parent":0,"menu_order":0,"comment_status":"closed","ping_status":"closed","template":"","meta":{"_et_pb_use_builder":"on","_et_pb_old_content":"","_et_gb_content_width":"","footnotes":""},"class_list":["post-26176","page","type-page","status-publish","hentry"],"yoast_head":"<!-- This site is optimized with the Yoast SEO plugin v25.5 - https:\/\/yoast.com\/wordpress\/plugins\/seo\/ -->\n<title>Preguntas Frecuentes: TAG y Transferencias Online | Avanza360<\/title>\n<meta name=\"description\" content=\"Despeja tus dudas Transfiere tu auto usado 100% online en Concepci\u00f3n. Sin notar\u00edas ni filas. \u00a1Gesti\u00f3n garantizada con Avanza360!\" \/>\n<meta name=\"robots\" content=\"index, follow, max-snippet:-1, max-image-preview:large, max-video-preview:-1\" \/>\n<link rel=\"canonical\" href=\"https:\/\/avanza360sa.cl\/index.php\/preguntas_frecuentes\/\" \/>\n<meta property=\"og:locale\" content=\"es_ES\" \/>\n<meta property=\"og:type\" content=\"article\" \/>\n<meta property=\"og:title\" content=\"Preguntas Frecuentes: TAG y Transferencias Online | Avanza360\" \/>\n<meta property=\"og:description\" content=\"Despeja tus dudas Transfiere tu auto usado 100% online en Concepci\u00f3n. Sin notar\u00edas ni filas. \u00a1Gesti\u00f3n garantizada con Avanza360!\" \/>\n<meta property=\"og:url\" content=\"https:\/\/avanza360sa.cl\/index.php\/preguntas_frecuentes\/\" \/>\n<meta property=\"og:site_name\" content=\"Avanza360\" \/>\n<meta property=\"article:modified_time\" content=\"2026-04-01T15:49:53+00:00\" \/>\n<meta name=\"twitter:card\" content=\"summary_large_image\" \/>\n<meta name=\"twitter:label1\" content=\"Tiempo de lectura\" \/>\n\t<meta name=\"twitter:data1\" content=\"2 minutos\" \/>\n<script type=\"application\/ld+json\" class=\"yoast-schema-graph\">{\"@context\":\"https:\/\/schema.org\",\"@graph\":[{\"@type\":\"WebPage\",\"@id\":\"https:\/\/avanza360sa.cl\/index.php\/preguntas_frecuentes\/\",\"url\":\"https:\/\/avanza360sa.cl\/index.php\/preguntas_frecuentes\/\",\"name\":\"Preguntas Frecuentes: TAG y Transferencias Online | Avanza360\",\"isPartOf\":{\"@id\":\"https:\/\/avanza360sa.cl\/#website\"},\"datePublished\":\"2025-06-23T16:15:49+00:00\",\"dateModified\":\"2026-04-01T15:49:53+00:00\",\"description\":\"Despeja tus dudas Transfiere tu auto usado 100% online en Concepci\u00f3n. Sin notar\u00edas ni filas. \u00a1Gesti\u00f3n garantizada con Avanza360!\",\"breadcrumb\":{\"@id\":\"https:\/\/avanza360sa.cl\/index.php\/preguntas_frecuentes\/#breadcrumb\"},\"inLanguage\":\"es\",\"potentialAction\":[{\"@type\":\"ReadAction\",\"target\":[\"https:\/\/avanza360sa.cl\/index.php\/preguntas_frecuentes\/\"]}]},{\"@type\":\"BreadcrumbList\",\"@id\":\"https:\/\/avanza360sa.cl\/index.php\/preguntas_frecuentes\/#breadcrumb\",\"itemListElement\":[{\"@type\":\"ListItem\",\"position\":1,\"name\":\"Portada\",\"item\":\"https:\/\/avanza360sa.cl\/\"},{\"@type\":\"ListItem\",\"position\":2,\"name\":\"Preguntas Frecuentes\"}]},{\"@type\":\"WebSite\",\"@id\":\"https:\/\/avanza360sa.cl\/#website\",\"url\":\"https:\/\/avanza360sa.cl\/\",\"name\":\"Avanza360\",\"description\":\"\",\"publisher\":{\"@id\":\"https:\/\/avanza360sa.cl\/#organization\"},\"potentialAction\":[{\"@type\":\"SearchAction\",\"target\":{\"@type\":\"EntryPoint\",\"urlTemplate\":\"https:\/\/avanza360sa.cl\/?s={search_term_string}\"},\"query-input\":{\"@type\":\"PropertyValueSpecification\",\"valueRequired\":true,\"valueName\":\"search_term_string\"}}],\"inLanguage\":\"es\"},{\"@type\":\"Organization\",\"@id\":\"https:\/\/avanza360sa.cl\/#organization\",\"name\":\"Avanza360\",\"url\":\"https:\/\/avanza360sa.cl\/\",\"logo\":{\"@type\":\"ImageObject\",\"inLanguage\":\"es\",\"@id\":\"https:\/\/avanza360sa.cl\/#\/schema\/logo\/image\/\",\"url\":\"https:\/\/avanza360sa.cl\/wp-content\/uploads\/2025\/06\/Recurso-3.png\",\"contentUrl\":\"https:\/\/avanza360sa.cl\/wp-content\/uploads\/2025\/06\/Recurso-3.png\",\"width\":1378,\"height\":276,\"caption\":\"Avanza360\"},\"image\":{\"@id\":\"https:\/\/avanza360sa.cl\/#\/schema\/logo\/image\/\"}}]}<\/script>\n<!-- \/ Yoast SEO plugin. -->","yoast_head_json":{"title":"Preguntas Frecuentes: TAG y Transferencias Online | Avanza360","description":"Despeja tus dudas Transfiere tu auto usado 100% online en Concepci\u00f3n. Sin notar\u00edas ni filas. \u00a1Gesti\u00f3n garantizada con Avanza360!","robots":{"index":"index","follow":"follow","max-snippet":"max-snippet:-1","max-image-preview":"max-image-preview:large","max-video-preview":"max-video-preview:-1"},"canonical":"https:\/\/avanza360sa.cl\/index.php\/preguntas_frecuentes\/","og_locale":"es_ES","og_type":"article","og_title":"Preguntas Frecuentes: TAG y Transferencias Online | Avanza360","og_description":"Despeja tus dudas Transfiere tu auto usado 100% online en Concepci\u00f3n. Sin notar\u00edas ni filas. \u00a1Gesti\u00f3n garantizada con Avanza360!","og_url":"https:\/\/avanza360sa.cl\/index.php\/preguntas_frecuentes\/","og_site_name":"Avanza360","article_modified_time":"2026-04-01T15:49:53+00:00","twitter_card":"summary_large_image","twitter_misc":{"Tiempo de lectura":"2 minutos"},"schema":{"@context":"https:\/\/schema.org","@graph":[{"@type":"WebPage","@id":"https:\/\/avanza360sa.cl\/index.php\/preguntas_frecuentes\/","url":"https:\/\/avanza360sa.cl\/index.php\/preguntas_frecuentes\/","name":"Preguntas Frecuentes: TAG y Transferencias Online | Avanza360","isPartOf":{"@id":"https:\/\/avanza360sa.cl\/#website"},"datePublished":"2025-06-23T16:15:49+00:00","dateModified":"2026-04-01T15:49:53+00:00","description":"Despeja tus dudas Transfiere tu auto usado 100% online en Concepci\u00f3n. Sin notar\u00edas ni filas. \u00a1Gesti\u00f3n garantizada con Avanza360!","breadcrumb":{"@id":"https:\/\/avanza360sa.cl\/index.php\/preguntas_frecuentes\/#breadcrumb"},"inLanguage":"es","potentialAction":[{"@type":"ReadAction","target":["https:\/\/avanza360sa.cl\/index.php\/preguntas_frecuentes\/"]}]},{"@type":"BreadcrumbList","@id":"https:\/\/avanza360sa.cl\/index.php\/preguntas_frecuentes\/#breadcrumb","itemListElement":[{"@type":"ListItem","position":1,"name":"Portada","item":"https:\/\/avanza360sa.cl\/"},{"@type":"ListItem","position":2,"name":"Preguntas Frecuentes"}]},{"@type":"WebSite","@id":"https:\/\/avanza360sa.cl\/#website","url":"https:\/\/avanza360sa.cl\/","name":"Avanza360","description":"","publisher":{"@id":"https:\/\/avanza360sa.cl\/#organization"},"potentialAction":[{"@type":"SearchAction","target":{"@type":"EntryPoint","urlTemplate":"https:\/\/avanza360sa.cl\/?s={search_term_string}"},"query-input":{"@type":"PropertyValueSpecification","valueRequired":true,"valueName":"search_term_string"}}],"inLanguage":"es"},{"@type":"Organization","@id":"https:\/\/avanza360sa.cl\/#organization","name":"Avanza360","url":"https:\/\/avanza360sa.cl\/","logo":{"@type":"ImageObject","inLanguage":"es","@id":"https:\/\/avanza360sa.cl\/#\/schema\/logo\/image\/","url":"https:\/\/avanza360sa.cl\/wp-content\/uploads\/2025\/06\/Recurso-3.png","contentUrl":"https:\/\/avanza360sa.cl\/wp-content\/uploads\/2025\/06\/Recurso-3.png","width":1378,"height":276,"caption":"Avanza360"},"image":{"@id":"https:\/\/avanza360sa.cl\/#\/schema\/logo\/image\/"}}]}},"_links":{"self":[{"href":"https:\/\/avanza360sa.cl\/index.php\/wp-json\/wp\/v2\/pages\/26176","targetHints":{"allow":["GET"]}}],"collection":[{"href":"https:\/\/avanza360sa.cl\/index.php\/wp-json\/wp\/v2\/pages"}],"about":[{"href":"https:\/\/avanza360sa.cl\/index.php\/wp-json\/wp\/v2\/types\/page"}],"author":[{"embeddable":true,"href":"https:\/\/avanza360sa.cl\/index.php\/wp-json\/wp\/v2\/users\/2"}],"replies":[{"embeddable":true,"href":"https:\/\/avanza360sa.cl\/index.php\/wp-json\/wp\/v2\/comments?post=26176"}],"version-history":[{"count":28,"href":"https:\/\/avanza360sa.cl\/index.php\/wp-json\/wp\/v2\/pages\/26176\/revisions"}],"predecessor-version":[{"id":26537,"href":"https:\/\/avanza360sa.cl\/index.php\/wp-json\/wp\/v2\/pages\/26176\/revisions\/26537"}],"wp:attachment":[{"href":"https:\/\/avanza360sa.cl\/index.php\/wp-json\/wp\/v2\/media?parent=26176"}],"curies":[{"name":"wp","href":"https:\/\/api.w.org\/{rel}","templated":true}]}}